{"id":14,"date":"2020-06-12T23:29:58","date_gmt":"2020-06-12T21:29:58","guid":{"rendered":"http:\/\/robot-optiplus.fr\/wp\/?page_id=14"},"modified":"2022-08-23T11:01:56","modified_gmt":"2022-08-23T09:01:56","slug":"qui-sommes-nous","status":"publish","type":"page","link":"https:\/\/robot-optiplus.fr\/en\/qui-sommes-nous\/","title":{"rendered":"About us"},"content":{"rendered":"<div data-elementor-type=\"wp-page\" data-elementor-id=\"14\" class=\"elementor elementor-14\" data-elementor-post-type=\"page\">\n\t\t\t\t\t\t<section class=\"elementor-section elementor-top-section elementor-element elementor-element-f2c2bfe elementor-section-height-min-height elementor-section-boxed elementor-section-height-default elementor-section-items-middle\" data-id=\"f2c2bfe\" data-element_type=\"section\" data-e-type=\"section\" data-settings=\"{&quot;background_background&quot;:&quot;classic&quot;}\">\n\t\t\t\t\t\t\t<div class=\"elementor-background-overlay\"><\/div>\n\t\t\t\t\t\t\t<div class=\"elementor-container elementor-column-gap-no\">\n\t\t\t\t\t<div class=\"elementor-column elementor-col-100 elementor-top-column elementor-element elementor-element-6cba03b\" data-id=\"6cba03b\" data-element_type=\"column\" data-e-type=\"column\">\n\t\t\t<div class=\"elementor-widget-wrap elementor-element-populated\">\n\t\t\t\t\t\t<div class=\"elementor-element elementor-element-46d599b elementor-absolute elementor-widget elementor-widget-heading\" data-id=\"46d599b\" data-element_type=\"widget\" data-e-type=\"widget\" data-settings=\"{&quot;_position&quot;:&quot;absolute&quot;}\" data-widget_type=\"heading.default\">\n\t\t\t\t<div class=\"elementor-widget-container\">\n\t\t\t\t\t<h1 class=\"elementor-heading-title elementor-size-default\">About us<\/h1>\t\t\t\t<\/div>\n\t\t\t\t<\/div>\n\t\t\t\t\t<\/div>\n\t\t<\/div>\n\t\t\t\t\t<\/div>\n\t\t<\/section>\n\t\t\t\t<section class=\"elementor-section elementor-top-section elementor-element elementor-element-305aa41 elementor-section-full_width elementor-hidden-phone elementor-hidden-tablet elementor-section-height-default elementor-section-height-default\" data-id=\"305aa41\" data-element_type=\"section\" data-e-type=\"section\" data-settings=\"{&quot;background_background&quot;:&quot;classic&quot;}\">\n\t\t\t\t\t\t<div class=\"elementor-container elementor-column-gap-no\">\n\t\t\t\t\t<div class=\"elementor-column elementor-col-100 elementor-top-column elementor-element elementor-element-d7431d4\" data-id=\"d7431d4\" data-element_type=\"column\" data-e-type=\"column\">\n\t\t\t<div class=\"elementor-widget-wrap elementor-element-populated\">\n\t\t\t\t\t\t<div class=\"elementor-element elementor-element-4fd2495 elementor-absolute elementor-widget elementor-widget-image\" data-id=\"4fd2495\" data-element_type=\"widget\" data-e-type=\"widget\" data-settings=\"{&quot;_position&quot;:&quot;absolute&quot;}\" data-widget_type=\"image.default\">\n\t\t\t\t<div class=\"elementor-widget-container\">\n\t\t\t\t\t\t\t\t\t\t\t\t\t\t\t<img fetchpriority=\"high\" decoding=\"async\" width=\"1920\" height=\"200\" src=\"https:\/\/robot-optiplus.fr\/wp-content\/uploads\/2020\/07\/bande-verte-bottom.png\" class=\"attachment-full size-full wp-image-260\" alt=\"\" srcset=\"https:\/\/robot-optiplus.fr\/wp-content\/uploads\/2020\/07\/bande-verte-bottom.png 1920w, https:\/\/robot-optiplus.fr\/wp-content\/uploads\/2020\/07\/bande-verte-bottom-300x31.png 300w, https:\/\/robot-optiplus.fr\/wp-content\/uploads\/2020\/07\/bande-verte-bottom-1024x107.png 1024w, https:\/\/robot-optiplus.fr\/wp-content\/uploads\/2020\/07\/bande-verte-bottom-768x80.png 768w, https:\/\/robot-optiplus.fr\/wp-content\/uploads\/2020\/07\/bande-verte-bottom-1536x160.png 1536w\" sizes=\"(max-width: 1920px) 100vw, 1920px\" \/>\t\t\t\t\t\t\t\t\t\t\t\t\t\t\t<\/div>\n\t\t\t\t<\/div>\n\t\t\t\t\t<\/div>\n\t\t<\/div>\n\t\t\t\t\t<\/div>\n\t\t<\/section>\n\t\t\t\t<section class=\"elementor-section elementor-top-section elementor-element elementor-element-ee0c4c8 elementor-section-content-top elementor-section-boxed elementor-section-height-default elementor-section-height-default\" data-id=\"ee0c4c8\" data-element_type=\"section\" data-e-type=\"section\">\n\t\t\t\t\t\t<div class=\"elementor-container elementor-column-gap-default\">\n\t\t\t\t\t<div class=\"elementor-column elementor-col-66 elementor-top-column elementor-element elementor-element-5c97e0d\" data-id=\"5c97e0d\" data-element_type=\"column\" data-e-type=\"column\">\n\t\t\t<div class=\"elementor-widget-wrap elementor-element-populated\">\n\t\t\t\t\t\t<div class=\"elementor-element elementor-element-802de90 elementor-widget elementor-widget-text-editor\" data-id=\"802de90\" data-element_type=\"widget\" data-e-type=\"widget\" data-widget_type=\"text-editor.default\">\n\t\t\t\t<div class=\"elementor-widget-container\">\n\t\t\t\t\t\t\t\t\t<h2>Who we are<\/h2><p>We are based in the industrial district of Port-J\u00e9r\u00f4me-sur-Seine in Notre-Dame-de-Gravenchon, a small town in Normandy between Le Havre and Rouen.<\/p><p><span style=\"font-size: 18px;\">Normandie Robotique Industrie specialises in manufacturing robot cleaners for photovoltaic panels and glass roofs.<\/span><\/p><p class=\"translation-block\"><strong>Opti+5<\/strong> is the technological successor to our ground-breaking <a href=\"http:\/\/robot-optiplus.fr\/en\/wp\/\" target=\"_self\"><strong>Opti+<\/strong><\/a> model.<\/p><p>Research, development, manufacturing and assembly for this product are 100% performed in France, guaranteeing outstanding quality and excellent customer service.<\/p><h2>Our values<\/h2><p><b>SAFETY \u2013 QUALITY \u2013 PROXIMITY \u2013 AUTONOMY \u2013 ADAPTABILITY \u2013 EXPERIENCE \u2013 REACTIVITY<\/b><br \/>These values ensure we are able to respond to requests quickly and respect your deadlines.<\/p><p>The needs of our clients help inspire our teams to offer continuously improved solutions to fit their exact requirements.<\/p><p>This culture of customer service is a key factor to our success, and one we ensure is at the heart of our dealings with our customers and partners every day.<\/p>\t\t\t\t\t\t\t\t<\/div>\n\t\t\t\t<\/div>\n\t\t\t\t\t<\/div>\n\t\t<\/div>\n\t\t\t\t<div class=\"elementor-column elementor-col-33 elementor-top-column elementor-element elementor-element-0d41f77\" data-id=\"0d41f77\" data-element_type=\"column\" data-e-type=\"column\">\n\t\t\t<div class=\"elementor-widget-wrap elementor-element-populated\">\n\t\t\t\t\t\t<div class=\"elementor-element elementor-element-71d5004 elementor-widget elementor-widget-google_maps\" data-id=\"71d5004\" data-element_type=\"widget\" data-e-type=\"widget\" data-widget_type=\"google_maps.default\">\n\t\t\t\t<div class=\"elementor-widget-container\">\n\t\t\t\t\t\t\t<div class=\"elementor-custom-embed\">\n\t\t\t<iframe loading=\"lazy\"\n\t\t\t\t\tsrc=\"https:\/\/maps.google.com\/maps?q=05%20rue%20Gustave%20Eiffel%20Notre-Dame-de-Gravenchon%2C%2076330%20Port-J%C3%A9r%C3%B4me-sur-Seine&#038;t=m&#038;z=11&#038;output=embed&#038;iwloc=near\"\n\t\t\t\t\ttitle=\"05 rue Gustave Eiffel Notre-Dame-de-Gravenchon, 76330 Port-J\u00e9r\u00f4me-sur-Seine\"\n\t\t\t\t\taria-label=\"05 rue Gustave Eiffel Notre-Dame-de-Gravenchon, 76330 Port-J\u00e9r\u00f4me-sur-Seine\"\n\t\t\t><\/iframe>\n\t\t<\/div>\n\t\t\t\t\t\t<\/div>\n\t\t\t\t<\/div>\n\t\t\t\t<div class=\"elementor-element elementor-element-ccce499 elementor-cta--skin-classic elementor-animated-content elementor-widget elementor-widget-call-to-action\" data-id=\"ccce499\" data-element_type=\"widget\" data-e-type=\"widget\" data-no-translation=\"\" data-widget_type=\"call-to-action.default\">\n\t\t\t\t<div class=\"elementor-widget-container\">\n\t\t\t\t\t<style>.elementor-element-ccce499{display:none !important}<\/style>\t\t\t\t<\/div>\n\t\t\t\t<\/div>\n\t\t\t\t<div class=\"elementor-element elementor-element-e8a4ddc elementor-cta--skin-classic elementor-animated-content elementor-widget elementor-widget-call-to-action\" data-id=\"e8a4ddc\" data-element_type=\"widget\" data-e-type=\"widget\" data-no-translation=\"\" data-widget_type=\"call-to-action.default\">\n\t\t\t\t<div class=\"elementor-widget-container\">\n\t\t\t\t\t\t\t<div class=\"elementor-cta\">\n\t\t\t\t\t<div class=\"elementor-cta__bg-wrapper\">\n\t\t\t\t<div class=\"elementor-cta__bg elementor-bg\" style=\"background-image: url(https:\/\/robot-optiplus.fr\/wp-content\/uploads\/2021\/03\/nri-optiplus-brochure-en.jpg);\" role=\"img\" aria-label=\"nri-optiplus-brochure-en\"><\/div>\n\t\t\t\t<div class=\"elementor-cta__bg-overlay\"><\/div>\n\t\t\t<\/div>\n\t\t\t\t\t\t\t<div class=\"elementor-cta__content\">\n\t\t\t\t\n\t\t\t\t\t\t\t\t\t<h3 class=\"elementor-cta__title elementor-cta__content-item elementor-content-item\">\n\t\t\t\t\t\tDownload our brochure\t\t\t\t\t<\/h3>\n\t\t\t\t\n\t\t\t\t\n\t\t\t\t\t\t\t\t\t<div class=\"elementor-cta__button-wrapper elementor-cta__content-item elementor-content-item\">\n\t\t\t\t\t<a class=\"elementor-cta__button elementor-button elementor-size-\" href=\"https:\/\/robot-optiplus.fr\/wp-content\/uploads\/2022\/08\/FlyerA4-OPTI-2-ROBOTS-GB-P3P5-WEB.pdf\" target=\"_blank\">\n\t\t\t\t\t\tFormat PDF\t\t\t\t\t<\/a>\n\t\t\t\t\t<\/div>\n\t\t\t\t\t\t\t<\/div>\n\t\t\t\t\t\t<\/div>\n\t\t\t\t\t\t<\/div>\n\t\t\t\t<\/div>\n\t\t\t\t\t<\/div>\n\t\t<\/div>\n\t\t\t\t\t<\/div>\n\t\t<\/section>\n\t\t\t\t<\/div>","protected":false},"excerpt":{"rendered":"<p>Pr\u00e9sentation Nous sommes situ\u00e9s sur la zone industrielle de Port-J\u00e9r\u00f4me-sur-Seine \u00e0 Notre-Dame-de-Gravenchon, en Normandie entre Le Havre et Rouen. Normandie Robotique Industrie est sp\u00e9cialis\u00e9e dans la fabrication de robots nettoyeurs de panneaux photovolta\u00efques et verri\u00e8res. Fort de son innovation originale, Opti+ est l\u2019\u00e9volution technologique du robot Opti+5. La recherche, le d\u00e9veloppement, la production et le [&hellip;]<\/p>\n","protected":false},"author":4,"featured_media":0,"parent":0,"menu_order":0,"comment_status":"closed","ping_status":"closed","template":"","meta":{"site-sidebar-layout":"no-sidebar","site-content-layout":"page-builder","ast-site-content-layout":"default","site-content-style":"default","site-sidebar-style":"default","ast-global-header-display":"","ast-banner-title-visibility":"","ast-main-header-display":"","ast-hfb-above-header-display":"","ast-hfb-below-header-display":"","ast-hfb-mobile-header-display":"","site-post-title":"disabled","ast-breadcrumbs-content":"","ast-featured-img":"disabled","footer-sml-layout":"","ast-disable-related-posts":"","theme-transparent-header-meta":"default","adv-header-id-meta":"","stick-header-meta":"","header-above-stick-meta":"","header-main-stick-meta":"","header-below-stick-meta":"","astra-migrate-meta-layouts":"default","ast-page-background-enabled":"default","ast-page-background-meta":{"desktop":{"background-color":"var(--ast-global-color-4)","background-image":"","background-repeat":"repeat","background-position":"center center","background-size":"auto","background-attachment":"scroll","background-type":"","background-media":"","overlay-type":"","overlay-color":"","overlay-opacity":"","overlay-gradient":""},"tablet":{"background-color":"","background-image":"","background-repeat":"repeat","background-position":"center center","background-size":"auto","background-attachment":"scroll","background-type":"","background-media":"","overlay-type":"","overlay-color":"","overlay-opacity":"","overlay-gradient":""},"mobile":{"background-color":"","background-image":"","background-repeat":"repeat","background-position":"center center","background-size":"auto","background-attachment":"scroll","background-type":"","background-media":"","overlay-type":"","overlay-color":"","overlay-opacity":"","overlay-gradient":""}},"ast-content-background-meta":{"desktop":{"background-color":"var(--ast-global-color-5)","background-image":"","background-repeat":"repeat","background-position":"center center","background-size":"auto","background-attachment":"scroll","background-type":"","background-media":"","overlay-type":"","overlay-color":"","overlay-opacity":"","overlay-gradient":""},"tablet":{"background-color":"var(--ast-global-color-5)","background-image":"","background-repeat":"repeat","background-position":"center center","background-size":"auto","background-attachment":"scroll","background-type":"","background-media":"","overlay-type":"","overlay-color":"","overlay-opacity":"","overlay-gradient":""},"mobile":{"background-color":"var(--ast-global-color-5)","background-image":"","background-repeat":"repeat","background-position":"center center","background-size":"auto","background-attachment":"scroll","background-type":"","background-media":"","overlay-type":"","overlay-color":"","overlay-opacity":"","overlay-gradient":""}},"footnotes":""},"class_list":["post-14","page","type-page","status-publish","hentry"],"yoast_head":"<!-- This site is optimized with the Yoast SEO plugin v27.3 - https:\/\/yoast.com\/product\/yoast-seo-wordpress\/ -->\n<title>Qui sommes-nous ? | Opti+<\/title>\n<meta name=\"robots\" content=\"index, follow, max-snippet:-1, max-image-preview:large, max-video-preview:-1\" \/>\n<link rel=\"canonical\" href=\"https:\/\/robot-optiplus.fr\/en\/qui-sommes-nous\/\" \/>\n<meta property=\"og:locale\" content=\"en_GB\" \/>\n<meta property=\"og:type\" content=\"article\" \/>\n<meta property=\"og:title\" content=\"Qui sommes-nous ? | Opti+\" \/>\n<meta property=\"og:description\" content=\"Pr\u00e9sentation Nous sommes situ\u00e9s sur la zone industrielle de Port-J\u00e9r\u00f4me-sur-Seine \u00e0 Notre-Dame-de-Gravenchon, en Normandie entre Le Havre et Rouen. Normandie Robotique Industrie est sp\u00e9cialis\u00e9e dans la fabrication de robots nettoyeurs de panneaux photovolta\u00efques et verri\u00e8res. Fort de son innovation originale, Opti+ est l\u2019\u00e9volution technologique du robot Opti+5. La recherche, le d\u00e9veloppement, la production et le [&hellip;]\" \/>\n<meta property=\"og:url\" content=\"https:\/\/robot-optiplus.fr\/en\/qui-sommes-nous\/\" \/>\n<meta property=\"og:site_name\" content=\"Opti+\" \/>\n<meta property=\"article:modified_time\" content=\"2022-08-23T09:01:56+00:00\" \/>\n<meta property=\"og:image\" content=\"https:\/\/robot-optiplus.fr\/wp-content\/uploads\/2020\/07\/bande-verte-bottom.png\" \/>\n<meta name=\"twitter:card\" content=\"summary_large_image\" \/>\n<meta name=\"twitter:label1\" content=\"Estimated reading time\" \/>\n\t<meta name=\"twitter:data1\" content=\"1 minute\" \/>\n<script type=\"application\/ld+json\" class=\"yoast-schema-graph\">{\"@context\":\"https:\\\/\\\/schema.org\",\"@graph\":[{\"@type\":\"WebPage\",\"@id\":\"https:\\\/\\\/robot-optiplus.fr\\\/qui-sommes-nous\\\/\",\"url\":\"https:\\\/\\\/robot-optiplus.fr\\\/qui-sommes-nous\\\/\",\"name\":\"Qui sommes-nous ? | Opti+\",\"isPartOf\":{\"@id\":\"https:\\\/\\\/robot-optiplus.fr\\\/#website\"},\"primaryImageOfPage\":{\"@id\":\"https:\\\/\\\/robot-optiplus.fr\\\/qui-sommes-nous\\\/#primaryimage\"},\"image\":{\"@id\":\"https:\\\/\\\/robot-optiplus.fr\\\/qui-sommes-nous\\\/#primaryimage\"},\"thumbnailUrl\":\"https:\\\/\\\/robot-optiplus.fr\\\/wp-content\\\/uploads\\\/2020\\\/07\\\/bande-verte-bottom.png\",\"datePublished\":\"2020-06-12T21:29:58+00:00\",\"dateModified\":\"2022-08-23T09:01:56+00:00\",\"breadcrumb\":{\"@id\":\"https:\\\/\\\/robot-optiplus.fr\\\/qui-sommes-nous\\\/#breadcrumb\"},\"inLanguage\":\"en-GB\",\"potentialAction\":[{\"@type\":\"ReadAction\",\"target\":[\"https:\\\/\\\/robot-optiplus.fr\\\/qui-sommes-nous\\\/\"]}]},{\"@type\":\"ImageObject\",\"inLanguage\":\"en-GB\",\"@id\":\"https:\\\/\\\/robot-optiplus.fr\\\/qui-sommes-nous\\\/#primaryimage\",\"url\":\"https:\\\/\\\/robot-optiplus.fr\\\/wp-content\\\/uploads\\\/2020\\\/07\\\/bande-verte-bottom.png\",\"contentUrl\":\"https:\\\/\\\/robot-optiplus.fr\\\/wp-content\\\/uploads\\\/2020\\\/07\\\/bande-verte-bottom.png\"},{\"@type\":\"BreadcrumbList\",\"@id\":\"https:\\\/\\\/robot-optiplus.fr\\\/qui-sommes-nous\\\/#breadcrumb\",\"itemListElement\":[{\"@type\":\"ListItem\",\"position\":1,\"name\":\"Accueil\",\"item\":\"https:\\\/\\\/robot-optiplus.fr\\\/\"},{\"@type\":\"ListItem\",\"position\":2,\"name\":\"Qui sommes-nous ?\"}]},{\"@type\":\"WebSite\",\"@id\":\"https:\\\/\\\/robot-optiplus.fr\\\/#website\",\"url\":\"https:\\\/\\\/robot-optiplus.fr\\\/\",\"name\":\"Opti+\",\"description\":\"Robot Opti+ : le robot professionnel nettoyeur de panneaux photovolta\u00efques et verri\u00e8res\",\"potentialAction\":[{\"@type\":\"SearchAction\",\"target\":{\"@type\":\"EntryPoint\",\"urlTemplate\":\"https:\\\/\\\/robot-optiplus.fr\\\/?s={search_term_string}\"},\"query-input\":{\"@type\":\"PropertyValueSpecification\",\"valueRequired\":true,\"valueName\":\"search_term_string\"}}],\"inLanguage\":\"en-GB\"}]}<\/script>\n<!-- \/ Yoast SEO plugin. -->","yoast_head_json":{"title":"Qui sommes-nous ? | Opti+","robots":{"index":"index","follow":"follow","max-snippet":"max-snippet:-1","max-image-preview":"max-image-preview:large","max-video-preview":"max-video-preview:-1"},"canonical":"https:\/\/robot-optiplus.fr\/en\/qui-sommes-nous\/","og_locale":"en_GB","og_type":"article","og_title":"Qui sommes-nous ? | Opti+","og_description":"Pr\u00e9sentation Nous sommes situ\u00e9s sur la zone industrielle de Port-J\u00e9r\u00f4me-sur-Seine \u00e0 Notre-Dame-de-Gravenchon, en Normandie entre Le Havre et Rouen. Normandie Robotique Industrie est sp\u00e9cialis\u00e9e dans la fabrication de robots nettoyeurs de panneaux photovolta\u00efques et verri\u00e8res. Fort de son innovation originale, Opti+ est l\u2019\u00e9volution technologique du robot Opti+5. La recherche, le d\u00e9veloppement, la production et le [&hellip;]","og_url":"https:\/\/robot-optiplus.fr\/en\/qui-sommes-nous\/","og_site_name":"Opti+","article_modified_time":"2022-08-23T09:01:56+00:00","og_image":[{"url":"https:\/\/robot-optiplus.fr\/wp-content\/uploads\/2020\/07\/bande-verte-bottom.png","type":"","width":"","height":""}],"twitter_card":"summary_large_image","twitter_misc":{"Estimated reading time":"1 minute"},"schema":{"@context":"https:\/\/schema.org","@graph":[{"@type":"WebPage","@id":"https:\/\/robot-optiplus.fr\/qui-sommes-nous\/","url":"https:\/\/robot-optiplus.fr\/qui-sommes-nous\/","name":"Qui sommes-nous ? | Opti+","isPartOf":{"@id":"https:\/\/robot-optiplus.fr\/#website"},"primaryImageOfPage":{"@id":"https:\/\/robot-optiplus.fr\/qui-sommes-nous\/#primaryimage"},"image":{"@id":"https:\/\/robot-optiplus.fr\/qui-sommes-nous\/#primaryimage"},"thumbnailUrl":"https:\/\/robot-optiplus.fr\/wp-content\/uploads\/2020\/07\/bande-verte-bottom.png","datePublished":"2020-06-12T21:29:58+00:00","dateModified":"2022-08-23T09:01:56+00:00","breadcrumb":{"@id":"https:\/\/robot-optiplus.fr\/qui-sommes-nous\/#breadcrumb"},"inLanguage":"en-GB","potentialAction":[{"@type":"ReadAction","target":["https:\/\/robot-optiplus.fr\/qui-sommes-nous\/"]}]},{"@type":"ImageObject","inLanguage":"en-GB","@id":"https:\/\/robot-optiplus.fr\/qui-sommes-nous\/#primaryimage","url":"https:\/\/robot-optiplus.fr\/wp-content\/uploads\/2020\/07\/bande-verte-bottom.png","contentUrl":"https:\/\/robot-optiplus.fr\/wp-content\/uploads\/2020\/07\/bande-verte-bottom.png"},{"@type":"BreadcrumbList","@id":"https:\/\/robot-optiplus.fr\/qui-sommes-nous\/#breadcrumb","itemListElement":[{"@type":"ListItem","position":1,"name":"Accueil","item":"https:\/\/robot-optiplus.fr\/"},{"@type":"ListItem","position":2,"name":"Qui sommes-nous ?"}]},{"@type":"WebSite","@id":"https:\/\/robot-optiplus.fr\/#website","url":"https:\/\/robot-optiplus.fr\/","name":"Opti+","description":"Robot Opti+ : le robot professionnel nettoyeur de panneaux photovolta\u00efques et verri\u00e8res","potentialAction":[{"@type":"SearchAction","target":{"@type":"EntryPoint","urlTemplate":"https:\/\/robot-optiplus.fr\/?s={search_term_string}"},"query-input":{"@type":"PropertyValueSpecification","valueRequired":true,"valueName":"search_term_string"}}],"inLanguage":"en-GB"}]}},"_links":{"self":[{"href":"https:\/\/robot-optiplus.fr\/en\/wp-json\/wp\/v2\/pages\/14","targetHints":{"allow":["GET"]}}],"collection":[{"href":"https:\/\/robot-optiplus.fr\/en\/wp-json\/wp\/v2\/pages"}],"about":[{"href":"https:\/\/robot-optiplus.fr\/en\/wp-json\/wp\/v2\/types\/page"}],"author":[{"embeddable":true,"href":"https:\/\/robot-optiplus.fr\/en\/wp-json\/wp\/v2\/users\/4"}],"replies":[{"embeddable":true,"href":"https:\/\/robot-optiplus.fr\/en\/wp-json\/wp\/v2\/comments?post=14"}],"version-history":[{"count":55,"href":"https:\/\/robot-optiplus.fr\/en\/wp-json\/wp\/v2\/pages\/14\/revisions"}],"predecessor-version":[{"id":747,"href":"https:\/\/robot-optiplus.fr\/en\/wp-json\/wp\/v2\/pages\/14\/revisions\/747"}],"wp:attachment":[{"href":"https:\/\/robot-optiplus.fr\/en\/wp-json\/wp\/v2\/media?parent=14"}],"curies":[{"name":"wp","href":"https:\/\/api.w.org\/{rel}","templated":true}]}}